
{"id":2859,"date":"2022-11-11T14:11:45","date_gmt":"2022-11-11T13:11:45","guid":{"rendered":"https:\/\/hermannbier.ch\/?post_type=product&#038;p=2859"},"modified":"2025-11-27T22:02:14","modified_gmt":"2025-11-27T21:02:14","slug":"european-ipa","status":"publish","type":"product","link":"https:\/\/hermannbier.ch\/en\/product\/european-ipa\/","title":{"rendered":"EUROPEAN IPA"},"content":{"rendered":"","protected":false},"excerpt":{"rendered":"<div class=\"page\" title=\"Page 1\">\n<div class=\"layoutArea\">\n<div class=\"column\">\n<p>Ein kleiner Anteil Caramelmalz verleiht diesem India Pale Ale die Bernsteinfarbe. Grossz\u00fcgige Mengen verschiedener europ\u00e4ischer Hopfensorten sorgen mal f\u00fcr einen eher fruchtigen, mal f\u00fcr einen eher kr\u00e4utrigen Genuss mit bitterem Abgang.<\/p>\n<\/div>\n<\/div>\n<\/div>","protected":false},"featured_media":2843,"comment_status":"open","ping_status":"closed","template":"","meta":[],"product_cat":[19],"product_tag":[],"class_list":["post-2859","product","type-product","status-publish","has-post-thumbnail","hentry","product_cat-uncategorized"],"acf":[],"_links":{"self":[{"href":"https:\/\/hermannbier.ch\/en\/wp-json\/wp\/v2\/product\/2859","targetHints":{"allow":["GET"]}}],"collection":[{"href":"https:\/\/hermannbier.ch\/en\/wp-json\/wp\/v2\/product"}],"about":[{"href":"https:\/\/hermannbier.ch\/en\/wp-json\/wp\/v2\/types\/product"}],"replies":[{"embeddable":true,"href":"https:\/\/hermannbier.ch\/en\/wp-json\/wp\/v2\/comments?post=2859"}],"version-history":[{"count":6,"href":"https:\/\/hermannbier.ch\/en\/wp-json\/wp\/v2\/product\/2859\/revisions"}],"predecessor-version":[{"id":5218,"href":"https:\/\/hermannbier.ch\/en\/wp-json\/wp\/v2\/product\/2859\/revisions\/5218"}],"wp:featuredmedia":[{"embeddable":true,"href":"https:\/\/hermannbier.ch\/en\/wp-json\/wp\/v2\/media\/2843"}],"wp:attachment":[{"href":"https:\/\/hermannbier.ch\/en\/wp-json\/wp\/v2\/media?parent=2859"}],"wp:term":[{"taxonomy":"product_cat","embeddable":true,"href":"https:\/\/hermannbier.ch\/en\/wp-json\/wp\/v2\/product_cat?post=2859"},{"taxonomy":"product_tag","embeddable":true,"href":"https:\/\/hermannbier.ch\/en\/wp-json\/wp\/v2\/product_tag?post=2859"}],"curies":[{"name":"wp","href":"https:\/\/api.w.org\/{rel}","templated":true}]}}