
{"id":185,"date":"2020-11-01T06:01:30","date_gmt":"2020-11-01T06:01:30","guid":{"rendered":"https:\/\/new.hermannbier.ch\/?post_type=product&#038;p=185"},"modified":"2026-01-27T13:00:58","modified_gmt":"2026-01-27T12:00:58","slug":"1856-marzen","status":"publish","type":"product","link":"https:\/\/hermannbier.ch\/en\/product\/1856-marzen\/","title":{"rendered":"1856 M\u00c4RZEN"},"content":{"rendered":"<p>Dieses bernsteinfarbene M\u00e4rzenbier wird im deutschen Stil gebraut, ist sehr malzaromatisch, weich und vollmundig und weist eine angenehme S\u00fcsse auf.<\/p>","protected":false},"excerpt":{"rendered":"<p>Dieses bernsteinfarbene M\u00e4rzenbier wird im deutschen Stil gebraut, ist sehr malzaromatisch, weich und vollmundig und weist eine angenehme S\u00fcsse auf.<\/p>","protected":false},"featured_media":434,"comment_status":"open","ping_status":"closed","template":"","meta":[],"product_cat":[19],"product_tag":[],"class_list":["post-185","product","type-product","status-publish","has-post-thumbnail","hentry","product_cat-uncategorized"],"acf":[],"_links":{"self":[{"href":"https:\/\/hermannbier.ch\/en\/wp-json\/wp\/v2\/product\/185","targetHints":{"allow":["GET"]}}],"collection":[{"href":"https:\/\/hermannbier.ch\/en\/wp-json\/wp\/v2\/product"}],"about":[{"href":"https:\/\/hermannbier.ch\/en\/wp-json\/wp\/v2\/types\/product"}],"replies":[{"embeddable":true,"href":"https:\/\/hermannbier.ch\/en\/wp-json\/wp\/v2\/comments?post=185"}],"version-history":[{"count":10,"href":"https:\/\/hermannbier.ch\/en\/wp-json\/wp\/v2\/product\/185\/revisions"}],"predecessor-version":[{"id":5347,"href":"https:\/\/hermannbier.ch\/en\/wp-json\/wp\/v2\/product\/185\/revisions\/5347"}],"wp:featuredmedia":[{"embeddable":true,"href":"https:\/\/hermannbier.ch\/en\/wp-json\/wp\/v2\/media\/434"}],"wp:attachment":[{"href":"https:\/\/hermannbier.ch\/en\/wp-json\/wp\/v2\/media?parent=185"}],"wp:term":[{"taxonomy":"product_cat","embeddable":true,"href":"https:\/\/hermannbier.ch\/en\/wp-json\/wp\/v2\/product_cat?post=185"},{"taxonomy":"product_tag","embeddable":true,"href":"https:\/\/hermannbier.ch\/en\/wp-json\/wp\/v2\/product_tag?post=185"}],"curies":[{"name":"wp","href":"https:\/\/api.w.org\/{rel}","templated":true}]}}