
{"id":1645,"date":"2021-06-01T21:11:29","date_gmt":"2021-06-01T20:11:29","guid":{"rendered":"https:\/\/hermannbier.ch\/?post_type=product&#038;p=1645"},"modified":"2025-12-06T14:05:29","modified_gmt":"2025-12-06T13:05:29","slug":"rotbier","status":"publish","type":"product","link":"https:\/\/hermannbier.ch\/en\/product\/rotbier\/","title":{"rendered":"LINSEB\u00dcHL ROT"},"content":{"rendered":"","protected":false},"excerpt":{"rendered":"<p>Die Urspr\u00fcnge dieses Rotbiers reichen ins mittelalterliche N\u00fcrnberg zur\u00fcck. Mild gehopft und mit angenehmer Malzs\u00fcsse wird dieses Bier, im Gegensatz zum Red Ale und dem belgischen Rotbier, unterg\u00e4rig vergoren.<\/p>","protected":false},"featured_media":3255,"comment_status":"open","ping_status":"closed","template":"","meta":[],"product_cat":[19],"product_tag":[],"class_list":["post-1645","product","type-product","status-publish","has-post-thumbnail","hentry","product_cat-uncategorized"],"acf":[],"_links":{"self":[{"href":"https:\/\/hermannbier.ch\/en\/wp-json\/wp\/v2\/product\/1645","targetHints":{"allow":["GET"]}}],"collection":[{"href":"https:\/\/hermannbier.ch\/en\/wp-json\/wp\/v2\/product"}],"about":[{"href":"https:\/\/hermannbier.ch\/en\/wp-json\/wp\/v2\/types\/product"}],"replies":[{"embeddable":true,"href":"https:\/\/hermannbier.ch\/en\/wp-json\/wp\/v2\/comments?post=1645"}],"version-history":[{"count":10,"href":"https:\/\/hermannbier.ch\/en\/wp-json\/wp\/v2\/product\/1645\/revisions"}],"predecessor-version":[{"id":5245,"href":"https:\/\/hermannbier.ch\/en\/wp-json\/wp\/v2\/product\/1645\/revisions\/5245"}],"wp:featuredmedia":[{"embeddable":true,"href":"https:\/\/hermannbier.ch\/en\/wp-json\/wp\/v2\/media\/3255"}],"wp:attachment":[{"href":"https:\/\/hermannbier.ch\/en\/wp-json\/wp\/v2\/media?parent=1645"}],"wp:term":[{"taxonomy":"product_cat","embeddable":true,"href":"https:\/\/hermannbier.ch\/en\/wp-json\/wp\/v2\/product_cat?post=1645"},{"taxonomy":"product_tag","embeddable":true,"href":"https:\/\/hermannbier.ch\/en\/wp-json\/wp\/v2\/product_tag?post=1645"}],"curies":[{"name":"wp","href":"https:\/\/api.w.org\/{rel}","templated":true}]}}